{"id":5253,"date":"2018-12-03T21:33:18","date_gmt":"2018-12-03T21:33:18","guid":{"rendered":"https:\/\/casamariamanerba.it\/?page_id=5253"},"modified":"2018-12-19T17:27:47","modified_gmt":"2018-12-19T17:27:47","slug":"regulamin","status":"publish","type":"page","link":"https:\/\/casamariamanerba.it\/pl\/regulamin\/","title":{"rendered":"Regulamin"},"content":{"rendered":"<h2><strong>REGULAMIN<\/strong><\/h2>\n<ol>\n<li>Prosimy poinformowa\u0107 obiekt z wyprzedzeniem, kiedy przyb\u0119dziesz.<\/li>\n<li>Zameldowanie: od 15:00 do 21:00<\/li>\n<li>Przy zameldowaniu wymagane jest okazanie wa\u017cnego dowodu to\u017csamo\u015bci ze zdj\u0119ciem.<\/li>\n<li>Wymeldowanie od 06:00 do 10:00<\/li>\n<li>Cisza nocna: Go\u015bcie musz\u0105 zachowa\u0107 cisz\u0119 w godzinach 23:00\u201307:00.<\/li>\n<li>Przerwa popo\u0142udniowa w godzinach 13:00-15.00.<\/li>\n<\/ol>\n<h3><strong>Wa\u017cne informacje<\/strong><\/h3>\n<ul>\n<li>Depozyt na poczet zniszcze\u0144 w wysoko\u015bci EUR 250 jest wymagany po przyje\u017adzie. B\u0119dzie to p\u0142atno\u015b\u0107 got\u00f3wkowa. Zap\u0142acona kwota powinna zosta\u0107 zwr\u00f3cona przy wymeldowaniu. Ca\u0142o\u015b\u0107 depozytu zostanie zwr\u00f3cona w got\u00f3wce po sprawdzeniu stanu obiektu.<\/li>\n<li>\u017byczenia specjalne zostan\u0105 zrealizowane w zale\u017cno\u015bci od dost\u0119pno\u015bci, a ich realizacja mo\u017ce podlega\u0107 dodatkowej op\u0142acie.<\/li>\n<li>W obiekcie obowi\u0105zuje zakaz organizowania wieczor\u00f3w panie\u0144skich, kawalerskich itp.<\/li>\n<li>Zwierz\u0119ta nie s\u0105 akceptowane.<\/li>\n<\/ul>\n","protected":false},"excerpt":{"rendered":"<p>REGULAMIN Prosimy poinformowa\u0107 obiekt z wyprzedzeniem, kiedy przyb\u0119dziesz. Zameldowanie: od 15:00 do 21:00 Przy zameldowaniu wymagane jest okazanie wa\u017cnego dowodu to\u017csamo\u015bci ze zdj\u0119ciem. Wymeldowanie od 06:00 do 10:00 Cisza nocna: Go\u015bcie musz\u0105 zachowa\u0107 cisz\u0119 w godzinach 23:00\u201307:00. Przerwa popo\u0142udniowa w godzinach 13:00-15.00. Wa\u017cne informacje Depozyt na poczet zniszcze\u0144 w wysoko\u015bci EUR 250 jest wymagany po&#8230; <\/p>\n<div class=\"clear\"><\/div>\n<p><a href=\"https:\/\/casamariamanerba.it\/pl\/regulamin\/\" class=\"excerpt-read-more\">Continue Reading<i class=\"fa fa-long-arrow-right icon-long-arrow-right\"><\/i><\/a><\/p>\n","protected":false},"author":1,"featured_media":0,"parent":0,"menu_order":0,"comment_status":"closed","ping_status":"closed","template":"","meta":{"footnotes":""},"class_list":["post-5253","page","type-page","status-publish","hentry"],"_links":{"self":[{"href":"https:\/\/casamariamanerba.it\/pl\/wp-json\/wp\/v2\/pages\/5253\/"}],"collection":[{"href":"https:\/\/casamariamanerba.it\/pl\/wp-json\/wp\/v2\/pages\/"}],"about":[{"href":"https:\/\/casamariamanerba.it\/pl\/wp-json\/wp\/v2\/types\/page\/"}],"author":[{"embeddable":true,"href":"https:\/\/casamariamanerba.it\/pl\/wp-json\/wp\/v2\/users\/1\/"}],"replies":[{"embeddable":true,"href":"https:\/\/casamariamanerba.it\/pl\/wp-json\/wp\/v2\/comments\/?post=5253"}],"version-history":[{"count":8,"href":"https:\/\/casamariamanerba.it\/pl\/wp-json\/wp\/v2\/pages\/5253\/revisions\/"}],"predecessor-version":[{"id":5744,"href":"https:\/\/casamariamanerba.it\/pl\/wp-json\/wp\/v2\/pages\/5253\/revisions\/5744\/"}],"wp:attachment":[{"href":"https:\/\/casamariamanerba.it\/pl\/wp-json\/wp\/v2\/media\/?parent=5253"}],"curies":[{"name":"wp","href":"https:\/\/api.w.org\/{rel}","templated":true}]}}