{"id":5045,"date":"2018-12-03T13:34:06","date_gmt":"2018-12-03T13:34:06","guid":{"rendered":"https:\/\/casamariamanerba.it\/?page_id=5045"},"modified":"2018-12-03T19:02:13","modified_gmt":"2018-12-03T19:02:13","slug":"informacje-o-gospodarzu","status":"publish","type":"page","link":"https:\/\/casamariamanerba.it\/pl\/informacje-o-gospodarzu\/","title":{"rendered":"O nas"},"content":{"rendered":"<h3><strong>Manerba del Garda &#8211; Valtenesi<\/strong><\/h3>\n<h2><strong>CASA MARIA &#8211; APARTAMENT MARIA, DOMENICO i NIDO &#8211; pi\u0119kne i du\u017ce apartamenty z tarasami i ogrodem oraz du\u017cym basenem.<\/strong><\/h2>\n<p>Wynajmij pi\u0119kne mieszkanie nad jeziorem Garda. Ta niewielka, prywatna rezydencja po\u0142o\u017cona na obrze\u017cach Manerba del Garda oferuje Pa\u0144stwu 3 apartamenty. Nasza rezydencja charakteryzuje si\u0119 przestronnymi powierzchniami og\u00f3lnodost\u0119pnymi, w tym du\u017cy ogr\u00f3d z basenem, komfortow\u0105 cz\u0119\u015bci\u0105 wypoczynkow\u0105, bardzo blisko do doskona\u0142ych restauracji serwuj\u0105cych lokalne specja\u0142y.<\/p>\n<p>Pojazdy mo\u017cna bezpiecznie parkowa\u0107 na terenie posesji. Rowery lub inny sprz\u0119t sportowy mo\u017cna tak\u017ce bezpiecznie przechowywa\u0107.<\/p>\n<p>Apartamenty r\u00f3\u017cni\u0105 si\u0119 nieco mi\u0119dzy sob\u0105. Apartamenty Maria i Domenico maj\u0105 2 sypialnie, jedn\u0105 z podw\u00f3jnym \u0142\u00f3\u017ckiem, a drug\u0105 z 2 \u0142\u00f3\u017ckami pojedynczymi lub \u0142\u00f3\u017ckiem pi\u0119trowym; du\u017ca szafa i tak dalej. \u0141azienka z prysznicem, pralk\u0105, WC i bidet.<br \/>\nW mieszkaniu Maria znajduje si\u0119 salon z aneksem kuchennym z kuchenk\u0105 gazow\u0105, piekarnikiem, kuchenk\u0105 mikrofalow\u0105, sto\u0142em z krzes\u0142ami, wygodn\u0105 sof\u0105, telewizorem; w Apartamencie Domenico w salonie jest zintegrowana kuchnia ze sto\u0142em i krzes\u0142ami, dwuosobowa sofa, telewizor, elegancka kuchnia z kuchenk\u0105, piekarnikiem, lod\u00f3wk\u0105 z zamra\u017cark\u0105. W mieszkaniu Nido znajduje si\u0119 sypialnia z podw\u00f3jnym \u0142\u00f3\u017ckiem, salon z zintegrowan\u0105 kuchni\u0105 z kuchenk\u0105 gazow\u0105, piekarnikiem, lod\u00f3wk\u0105 i zamra\u017cark\u0105 oray dwuosobowa sofa. Jest tu tak\u017ce taras z ma\u0142ym prywatnym ogrodem.<\/p>\n<p>\u0141azienki s\u0105 wyposa\u017cone w prysznic, toalet\u0119 i bidet, pralk\u0119.<\/p>\n<p>Apartamenty znajduj\u0105 si\u0119 na parterze, a ich tarasy lub ma\u0142y ogr\u00f3d znajduj\u0105 si\u0119 bezpo\u015brednio przed nimi.<\/p>\n<p>Przytulne tarasy ze sto\u0142em i krzes\u0142ami zapraszaj\u0105 do jedzenia i przebywania na \u015bwie\u017cym powietrzu. Wszystkie apartamenty maj\u0105 ogrzewanie i dlatego mo\u017cna je zarezerwowa\u0107 przez ca\u0142y rok. Grzejnik mo\u017ce by\u0107 r\u00f3wnie\u017c u\u017cywany jako klimatyzator.<br \/>\nW apartamencie Domenico nale\u017cy zwr\u00f3ci\u0107 uwag\u0119, \u017ce wej\u015bcie prowadzi przez schody zewn\u0119trzne.<\/p>\n<p>Rezydencja znajduje si\u0119 na obrze\u017cach miasta, ale do centrum miasta mo\u017cna z \u0142atwo\u015bci\u0105 doj\u015b\u0107 pieszo. Tutaj znajd\u0105 Pa\u0144stwo kilka restauracji, kawiarni i sklep\u00f3w.<\/p>\n<p>W pobli\u017cu apartament\u00f3w znajduje si\u0119 sklep spo\u017cywczy, piekarnia, sklep mi\u0119sny, sklep warzywny, kiosk i punkt informacyjny. Do niekt\u00f3rych pla\u017c mo\u017cna doj\u015b\u0107 z rezydencji. Przy upalnej pogodzie zalecamy jednak skorzystanie z samochodu lub roweru. Wypo\u017cyczalnia rower\u00f3w znajduje si\u0119 bezpo\u015brednio przed rezydencj\u0105.<\/p>\n<p>Do miejscowo\u015bci Sal\u00f2 i Desenzano mo\u017cna dojecha\u0107 samochodem w kilka minut. Miasta Brescia i Werona s\u0105 \u0142atwo dost\u0119pne. Region Valtenesi, gdzie znajduje si\u0119 Manerba, jest dobrze znany z bardzo zadbanych i pi\u0119knych \u015bcie\u017cek rowerowych, szlak\u00f3w pieszych i szlak\u00f3w turystycznych oraz malowniczych i romantycznych \u015bredniowiecznych miasteczek. Ka\u017cdy turysta znajdzie tutaj swoje idealne miejsce: zar\u00f3wno sportowiec, jaki i pasjonat kultury i historii.<\/p>\n","protected":false},"excerpt":{"rendered":"<p>Manerba del Garda &#8211; Valtenesi CASA MARIA &#8211; APARTAMENT MARIA, DOMENICO i NIDO &#8211; pi\u0119kne i du\u017ce apartamenty z tarasami i ogrodem oraz du\u017cym basenem. Wynajmij pi\u0119kne mieszkanie nad jeziorem Garda. Ta niewielka, prywatna rezydencja po\u0142o\u017cona na obrze\u017cach Manerba del Garda oferuje Pa\u0144stwu 3 apartamenty. Nasza rezydencja charakteryzuje si\u0119 przestronnymi powierzchniami og\u00f3lnodost\u0119pnymi, w tym du\u017cy&#8230; <\/p>\n<div class=\"clear\"><\/div>\n<p><a href=\"https:\/\/casamariamanerba.it\/pl\/informacje-o-gospodarzu\/\" class=\"excerpt-read-more\">Continue Reading<i class=\"fa fa-long-arrow-right icon-long-arrow-right\"><\/i><\/a><\/p>\n","protected":false},"author":1,"featured_media":0,"parent":0,"menu_order":0,"comment_status":"open","ping_status":"open","template":"","meta":{"footnotes":""},"class_list":["post-5045","page","type-page","status-publish","hentry"],"_links":{"self":[{"href":"https:\/\/casamariamanerba.it\/pl\/wp-json\/wp\/v2\/pages\/5045\/"}],"collection":[{"href":"https:\/\/casamariamanerba.it\/pl\/wp-json\/wp\/v2\/pages\/"}],"about":[{"href":"https:\/\/casamariamanerba.it\/pl\/wp-json\/wp\/v2\/types\/page\/"}],"author":[{"embeddable":true,"href":"https:\/\/casamariamanerba.it\/pl\/wp-json\/wp\/v2\/users\/1\/"}],"replies":[{"embeddable":true,"href":"https:\/\/casamariamanerba.it\/pl\/wp-json\/wp\/v2\/comments\/?post=5045"}],"version-history":[{"count":3,"href":"https:\/\/casamariamanerba.it\/pl\/wp-json\/wp\/v2\/pages\/5045\/revisions\/"}],"predecessor-version":[{"id":5095,"href":"https:\/\/casamariamanerba.it\/pl\/wp-json\/wp\/v2\/pages\/5045\/revisions\/5095\/"}],"wp:attachment":[{"href":"https:\/\/casamariamanerba.it\/pl\/wp-json\/wp\/v2\/media\/?parent=5045"}],"curies":[{"name":"wp","href":"https:\/\/api.w.org\/{rel}","templated":true}]}}