{"id":5678,"date":"2018-12-11T20:12:28","date_gmt":"2018-12-11T20:12:28","guid":{"rendered":"https:\/\/casamariamanerba.it\/privacy-policy\/"},"modified":"2018-12-14T06:10:48","modified_gmt":"2018-12-14T06:10:48","slug":"datenschutzrichtlinie","status":"publish","type":"page","link":"https:\/\/casamariamanerba.it\/de\/datenschutzrichtlinie\/","title":{"rendered":"Datenschutzrichtlinie"},"content":{"rendered":"<h2 style=\"text-align: center;\"><strong>PRIVACY<\/strong><\/h2>\n<p><strong>1. Welche Arten von Daten erheben wir?<br \/>\n<\/strong>Wenn Sie auf diese Website zugreifen, erkl\u00e4ren Sie sich damit einverstanden, dass\u00a0<strong>Casa Maria<\/strong>\u00a0einige Ihrer pers\u00f6nlichen Daten sammelt. Der Zweck dieser Seite ist es, Ihnen mitzuteilen, welche Informationen wir sammeln, warum und wie wir sie verwenden.<br \/>\nWir verarbeiten zwei Arten von Daten:<\/p>\n<ul>\n<li>Vom Benutzer zur Verf\u00fcgung gestellte Daten<\/li>\n<li>Daten, die wir automatisch sammeln<\/li>\n<\/ul>\n<p><strong> Vom Benutzer zur Verf\u00fcgung gestellte Daten<br \/>\n<\/strong>Wenn Sie auf die Website<strong>\u00a0www.casamariamanerba.it<\/strong>\u00a0zugreifen und sich entscheiden, eine Informationsanfrage zu senden, treten Sie durch das Senden einer E-Mail mit\u00a0<strong>Casa Maria<\/strong>\u00a0in Kontakt. Dabei bitten wir Sie, einige Daten anzugeben, die zur Beantwortung Ihrer Anfrage erforderlich sind.<\/p>\n<p>Wir bitten Sie, uns Ihren Vor- und Nachnamen, Ihre E-Mail-Adresse und Ihre Telefonnummer mitzuteilen.<\/p>\n<p>Sie k\u00f6nnen uns auch die folgenden Informationen zur Verf\u00fcgung stellen:<\/p>\n<p>Aufenthaltsdauer (nur f\u00fcr Unterkunft)<\/p>\n<ul>\n<li>Vollst\u00e4ndige Anschrift<\/li>\n<li>Referenzstadt oder -gemeinde<\/li>\n<li>Notizen hinzuf\u00fcgen oder Ihre Anfrage darlegen<\/li>\n<\/ul>\n<p><strong> Daten Dritter <\/strong><br \/>\nWenn Sie personenbezogene Daten \u00fcber Dritte, wie Familienmitglieder oder Freunde, zur Verf\u00fcgung stellen, m\u00fcssen Sie sicherstellen, dass diese ordnungsgem\u00e4\u00df informiert wurden und ihre Zustimmung zur Verarbeitung ihrer pers\u00f6nlichen Daten in der in dieser Richtlinie beschriebenen Weise gegeben haben.<\/p>\n<p><strong>Daten von Personen unter 14 Jahren<\/strong><\/p>\n<p>Wenn Sie unter 14 Jahre alt sind, k\u00f6nnen Sie uns keine pers\u00f6nlichen Daten zur Verf\u00fcgung stellen und uns eine E-Mail schicken. Wir \u00fcbernehmen in keinem Fall die Verantwortung f\u00fcr\u00a0 von Ihnen gemachte falsche Angaben. Sollten uns unwahre Angaben bekannt werden, werden wir die sofortige L\u00f6schung der erhobenen personenbezogenen Daten durchf\u00fchren.<\/p>\n<p>Wenn Sie ein Unternehmen oder freiberuflich t\u00e4tig sind, werden Sie gebeten, uns die folgenden Informationen zur Verf\u00fcgung zu stellen:<\/p>\n<ul>\n<li>Firmenname, Umsatzsteuer-Identifikationsnummer, Kontaktname, E-Mail-Adresse, Telefonnummer<\/li>\n<li>Weitere Daten: vollst\u00e4ndige Anschrift und Umsatzsteuer-Identifikationsnummer.<\/li>\n<\/ul>\n<p>Daten, die wir automatisch sammeln<br \/>\nWir sammeln die folgenden Informationen \u00fcber die von Ihnen genutzten Dienste:<\/p>\n<ul>\n<li>Technische Daten: z.B. IP-Adresse, Browsertyp, aktueller (ungef\u00e4hre) Standort des verwendeten Ger\u00e4ts;<\/li>\n<li>Daten, die mit Hilfe von Cookies oder \u00e4hnlichen Technologien erhoben werden: F\u00fcr weitere Informationen besuchen Sie bitte den Abschnitt &#8222;Cookies&#8220;.<\/li>\n<\/ul>\n<p><strong>2. Wie verwenden wir die von uns gesammelten Daten? <\/strong><br \/>\nWir verwenden Ihre Daten, um sicherzustellen, dass Sie mit\u00a0<strong>Casa Maria<\/strong>\u00a0in Kontakt treten k\u00f6nnen. Anschlie\u00dfend werden wir Sie vor der Aufnahme der Beziehung oder der Erbringung der von Ihnen angeforderten Dienstleistung um Ihre Zustimmung zur Verarbeitung Ihrer Daten in Bezug auf die Art der von Ihnen angeforderten Dienstleistung bitten.<\/p>\n<p>Diese Verarbeitung beruht auf dem berechtigten Interesse des Verantwortlichen (siehe Punkt 4) und kann jederzeit widerrufen werden.<\/p>\n<p><strong>3. Ist die Bereitstellung von Daten zwingend notwendig? <\/strong><br \/>\nDie Angabe personenbezogener Daten ist nur f\u00fcr die Verarbeitung erforderlich, die f\u00fcr die Herstellung eines ersten Kontakts notwendig ist: Jede Ablehnung zum Zwecke der Erbringung des Dienstes macht es unm\u00f6glich, den Dienst zu nutzen und die Kontaktanfrage zu senden.<\/p>\n<p><strong>4. Wer sind die Betroffenen der Verarbeitung?<br \/>\n<\/strong>Verantwortlicher der Datenverarbeitung:<\/p>\n<p>Der Verantwortliche der Datenverarbeitung\u00a0\u00a0<strong>Siga. Papa Caterina &#8211; Casa Maria\u00a0is found at\u00a0Via Valtenesi, 34, Manerba del Garda, 25080 BS<\/strong>.<\/p>\n<p>Bitte beachten Sie, dass Sie jederzeit Fragen oder W\u00fcnsche bez\u00fcglich Ihrer pers\u00f6nlichen Daten und des Schutzes Ihrer Privatsph\u00e4re an\u00a0<strong>office@casamariamaneba.it <\/strong>richten k\u00f6nnen.<\/p>\n<p>Stellen, denen die Daten mitgeteilt werden k\u00f6nnen<\/p>\n<p>Die im Rahmen der Erbringung der Dienstleistung erhobenen Daten k\u00f6nnen mitgeteilt werden:<br \/>\nUnternehmen, die eng mit dem technischen Betrieb des Dienstes verbundene Funktionen wahrnehmen, wie z.B. Provider, die Serverhousing- und Webhosting-Dienste anbieten. Diese garantieren und \u00fcbernehmen die Verantwortung f\u00fcr die Verarbeitung Ihrer Daten gem\u00e4\u00df den Vorgaben der DSGVO;<\/p>\n<p>Verwaltungs- und Justizbeh\u00f6rden aufgrund gesetzlicher Verpflichtungen.<\/p>\n<p>In keinem Fall werden personenbezogene Daten an Dritte weitergegeben oder verkauft.<\/p>\n<p><strong>5. Wie k\u00f6nnen Sie Informationen \u00fcber die Daten erhalten, sie \u00e4ndern, l\u00f6schen oder eine Kopie erhalten?<br \/>\n<\/strong> Sie k\u00f6nnen jederzeit eine E-Mail an\u00a0office@casamariamaneba.it senden, um Informationen \u00fcber Ihre Daten zu erhalten, eine \u00c4nderung oder deren L\u00f6schung zu beantragen. Die L\u00f6schung erfolgt innerhalb der technischen Fristen und in \u00dcbereinstimmung mit der in Absatz 6 erl\u00e4uterten Aufbewahrungsfrist.<\/p>\n<p>Jede nat\u00fcrliche Person, die unseren Dienst in Anspruch nimmt, kann:<br \/>\nvom Verantwortlichen jederzeit Informationen \u00fcber das Vorhandensein ihrer personenbezogenen Daten, deren Herkunft, den Zweck und die Modalit\u00e4ten der Verarbeitung und, falls vorhanden, den Zugang zu den in Artikel 15 der DSGVO genannten personenbezogenen Daten und Informationen erhalten;<\/p>\n<p>die Aktualisierung, Berichtigung, Erg\u00e4nzung, L\u00f6schung, Einschr\u00e4nkung der Datenverarbeitung bei Vorliegen einer der in Artikel 18 DSGVO genannten Voraussetzungen fordern, ebenso die Umwandlung in anonyme Form oder die Sperrung personenbezogener Daten, die gesetzeswidrig verarbeitet werden, einschlie\u00dflich Daten, deren Aufbewahrung f\u00fcr die Zwecke, f\u00fcr die die Daten erhoben und\/oder sp\u00e4ter verarbeitet wurden, nicht erforderlich ist;<\/p>\n<p>sich aus legitimen Gr\u00fcnden ganz oder teilweise der Verarbeitung von Daten widersetzen, auch wenn diese zum Zwecke der Erhebung und Verarbeitung personenbezogener Daten zum Zwecke der wirtschaftlichen Information oder des Versands von Werbematerial oder der wirtschaftlichen Kommunikation erfolgt. Jeder Nutzer hat auch das Recht, die Einwilligung jederzeit zu widerrufen, unbeschadet der Rechtm\u00e4\u00dfigkeit der Verarbeitung aufgrund der vor dem Widerruf erteilten Einwilligung;<\/p>\n<p>ihre personenbezogenen Daten, die wissentlich und aktiv oder durch die Nutzung des Dienstes zur Verf\u00fcgung gestellt werden, in einem strukturierten Format zu erhalten, das \u00fcblicherweise von automatischen Ger\u00e4ten verwendet und gelesen werden kann, und sie ungehindert an einen anderen Verantwortlichen der Datenverarbeitung zu \u00fcbermitteln;<\/p>\n<p>eine Beschwerde bei der italienischen Datenschutzbeh\u00f6rde einreichen.<\/p>\n<p>Bitte beachten Sie, dass Sie bei Fragen oder W\u00fcnschen bez\u00fcglich Ihrer pers\u00f6nlichen Daten und des Schutzes Ihrer Privatsph\u00e4re an die Adresse\u00a0office@casamariamaneba.it schreiben k\u00f6nnen<\/p>\n<p><strong>6. Wie und wie lange werden Ihre Daten gespeichert? <\/strong><br \/>\nPers\u00f6nliche Daten werden in Papierform\/elektronischer Form\/IT-Form f\u00fcr die Zeit aufbewahrt, die unbedingt erforderlich ist, um die unter Punkt 1 genannten Zwecke unter Einhaltung Ihrer Privatsph\u00e4re und der geltenden Vorschriften zu erf\u00fcllen.<\/p>\n<p>Die Daten, die sich auf Ihre E-Mail und andere Daten beziehen, die bei der ersten Kontaktaufnahme angegeben wurden, werden bis zu 15 Tage nach dem Absenden gespeichert. F\u00fcr den Fall, dass Sie sp\u00e4ter eine kontinuierliche berufliche Beziehung aufbauen oder um eine bestimmte Dienstleistung gebeten werden, werden Sie um eine entsprechende schriftliche Einwilligung gebeten.<\/p>\n<p>Zu den gleichen Zwecken werden die Daten \u00fcber den Telematikverkehr, mit Ausnahme des Inhalts der Mitteilungen, f\u00fcr einen Zeitraum von h\u00f6chstens zwei Jahren ab dem Datum der Mitteilung gem\u00e4\u00df Artikel 24 des Gesetzes Nr. 147\/2017 gespeichert, mit dem die EU-Richtlinie 2017\/541 zur Terrorismusbek\u00e4mpfung umgesetzt wurde.<\/p>\n<p><strong>7. Wie stellen wir den Schutz Ihrer Daten sicher? <\/strong><br \/>\nDie Daten werden von den unter Punkt 4 genannten Personen gem\u00e4\u00df den Angaben der Referenzvorschriften erhoben, insbesondere im Hinblick auf die von der DSGVO (Art. 32) vorgesehenen Sicherheitsma\u00dfnahmen f\u00fcr ihre Verarbeitung mittels computergest\u00fctzter und automatisierter Instrumente und mit einer Logik, die sich strikt auf die unter Punkt 1 genannten Zwecke bezieht und in jedem Fall die Sicherheit und Vertraulichkeit der Daten selbst gew\u00e4hrleistet.<\/p>\n<p>&nbsp;<\/p>\n<h2 style=\"text-align: center;\">\u00c4NDERN SIE IHRE EINSTELLUNGEN<\/h2>\n<p><strong>What are they?<br \/>\n<\/strong>Cookies are information entered on your browser when you visit the website<\/p>\n<p>Each cookie contains different data such as, for example, the name of the server it comes from, a numerical identifier, etc.<\/p>\n<p>Cookies may remain in the system for the duration of a session (ie until you close the browser used for web browsing) or for long periods and may contain a unique identification code.<\/p>\n<p><strong> Technische Cookies<br \/>\n<\/strong> Dies sind Cookies, die der Navigation und der Bereitstellung des von Ihnen angeforderten Dienstes dienen. Sie werden nicht f\u00fcr andere Zwecke verwendet und vom Verantwortlichen der Webseite installiert.<\/p>\n<p>Ohne die Verwendung solcher Cookies k\u00f6nnten einige Transaktionen nicht abgeschlossen werden oder w\u00e4ren komplexer und\/oder weniger sicher.<\/p>\n<p><strong> Analytische Cookies <\/strong><br \/>\nEs gibt analytische Cookies, die ausschlie\u00dflich vom Betreiber der Website verwendet werden, um Informationen \u00fcber die Anzahl der Nutzer zu sammeln und die Art und Weise, wie diese die Website besuchen.<\/p>\n<p>Analytische Cookies von Drittanbietern<\/p>\n<p>Verwendung von analytischen Cookies, um die Leistung der Website zu verbessern, indem Informationen \u00fcber die Anzahl der Besucher, die Website, von der sie kamen und wie sie die Website nutzen gesammelt werden (zum Beispiel, welche Seiten von den meisten Besuchern am h\u00e4ufigsten besucht werden).<\/p>\n<p>Ihre IP-Adresse wird in anonymisierter Form bereitgestellt.<\/p>\n<h2 style=\"text-align: center;\">IMPRESSUM<\/h2>\n<p>Der Verantwortlicher f\u00fcr den Inhalt der Website\u00a0<strong>www.casamariamanerba.it<\/strong><br \/>\n<strong>Casa Maria\u2028Via Valtenesi, 34, Manerba del Garda, 25080 BS<\/strong><br \/>\n<strong>E-Mail:\u00a0office@casamariamaneba.it <\/strong><\/p>\n<p>Haftungshinweis<br \/>\nTrotz sorgf\u00e4ltiger, inhaltlicher Kontrolle \u00fcbernehmen wir keine Haftung f\u00fcr die Inhalte externer Links. F\u00fcr den Inhalt der verlinkten Seiten sind ausschlie\u00dflich deren Betreiber verantwortlich.Pflichtinformation nach EU-Verordnung Nr. 524\/2013 des Europ\u00e4ischen Parlaments und Rats Plattform zur Online-Beilegung verbraucherrechtlicher Streitigkeiten (ODR) der Europ\u00e4ischen Kommission: ec.europa.eu\/consumers\/odr\/.<\/p>\n","protected":false},"excerpt":{"rendered":"<p>PRIVACY 1. Welche Arten von Daten erheben wir? Wenn Sie auf diese Website zugreifen, erkl\u00e4ren Sie sich damit einverstanden, dass\u00a0Casa Maria\u00a0einige Ihrer pers\u00f6nlichen Daten sammelt. Der Zweck dieser Seite ist es, Ihnen mitzuteilen, welche Informationen wir sammeln, warum und wie wir sie verwenden. Wir verarbeiten zwei Arten von Daten: Vom Benutzer zur Verf\u00fcgung gestellte Daten&#8230; <\/p>\n<div class=\"clear\"><\/div>\n<p><a href=\"https:\/\/casamariamanerba.it\/de\/datenschutzrichtlinie\/\" class=\"excerpt-read-more\">Continue Reading<i class=\"fa fa-long-arrow-right icon-long-arrow-right\"><\/i><\/a><\/p>\n","protected":false},"author":1,"featured_media":0,"parent":0,"menu_order":0,"comment_status":"closed","ping_status":"closed","template":"","meta":{"footnotes":""},"class_list":["post-5678","page","type-page","status-publish","hentry"],"_links":{"self":[{"href":"https:\/\/casamariamanerba.it\/de\/wp-json\/wp\/v2\/pages\/5678\/"}],"collection":[{"href":"https:\/\/casamariamanerba.it\/de\/wp-json\/wp\/v2\/pages\/"}],"about":[{"href":"https:\/\/casamariamanerba.it\/de\/wp-json\/wp\/v2\/types\/page\/"}],"author":[{"embeddable":true,"href":"https:\/\/casamariamanerba.it\/de\/wp-json\/wp\/v2\/users\/1\/"}],"replies":[{"embeddable":true,"href":"https:\/\/casamariamanerba.it\/de\/wp-json\/wp\/v2\/comments\/?post=5678"}],"version-history":[{"count":7,"href":"https:\/\/casamariamanerba.it\/de\/wp-json\/wp\/v2\/pages\/5678\/revisions\/"}],"predecessor-version":[{"id":5711,"href":"https:\/\/casamariamanerba.it\/de\/wp-json\/wp\/v2\/pages\/5678\/revisions\/5711\/"}],"wp:attachment":[{"href":"https:\/\/casamariamanerba.it\/de\/wp-json\/wp\/v2\/media\/?parent=5678"}],"curies":[{"name":"wp","href":"https:\/\/api.w.org\/{rel}","templated":true}]}}