{"id":5263,"date":"2018-12-03T21:33:18","date_gmt":"2018-12-03T21:33:18","guid":{"rendered":"https:\/\/casamariamanerba.it\/regulamin\/"},"modified":"2018-12-19T17:28:08","modified_gmt":"2018-12-19T17:28:08","slug":"vorschrift","status":"publish","type":"page","link":"https:\/\/casamariamanerba.it\/de\/vorschrift\/","title":{"rendered":"Vorschrift"},"content":{"rendered":"<h2>VORSCHRIFT<\/h2>\n<ol>\n<li>Bitte informieren Sie die Unterkunft im Voraus \u00fcber Ihre Ankunftszeit.<\/li>\n<li>Anreise: 15:00 &#8211; 21:00<\/li>\n<li>G\u00e4ste m\u00fcssen einen Lichtbildausweis beim Check-in vorlegen.<\/li>\n<li>Abreise 06:00 &#8211; 10:00<\/li>\n<li>G\u00e4ste m\u00fcssen sich zwischen 23:00 Uhr und 07:00 Uhr leise verhalten.<\/li>\n<li>Von 13.00 bis 15.00 Uhr ist Mittagsruhe.<\/li>\n<\/ol>\n<h3>Zus\u00e4tzliche Informationen<\/h3>\n<ul>\n<li>Bei der Ankunft ist eine Schadenskaution von EUR 250 erforderlich. Diese wird in bar hinterlegt. Sie erhalten die Erstattung in der Regel bei Abreise. Die Schadenskaution wird Ihnen in voller H\u00f6he in bar erstattet, nachdem die Unterkunft \u00fcberpr\u00fcft wurde und keine Sch\u00e4den festgestellt wurden.<\/li>\n<li>Sonderw\u00fcnsche unterliegen der Verf\u00fcgbarkeit und sind gegebenenfalls mit einem Aufpreis verbunden.<\/li>\n<li>In dieser Unterkunft sind weder Junggesellen-\/Junggesellinnenabschiede noch \u00e4hnliche Feiern\/Partys erlaubt.<\/li>\n<li>Haustiere sind nicht gestattet.<\/li>\n<\/ul>\n","protected":false},"excerpt":{"rendered":"<p>VORSCHRIFT Bitte informieren Sie die Unterkunft im Voraus \u00fcber Ihre Ankunftszeit. Anreise: 15:00 &#8211; 21:00 G\u00e4ste m\u00fcssen einen Lichtbildausweis beim Check-in vorlegen. Abreise 06:00 &#8211; 10:00 G\u00e4ste m\u00fcssen sich zwischen 23:00 Uhr und 07:00 Uhr leise verhalten. Von 13.00 bis 15.00 Uhr ist Mittagsruhe. Zus\u00e4tzliche Informationen Bei der Ankunft ist eine Schadenskaution von EUR 250&#8230; <\/p>\n<div class=\"clear\"><\/div>\n<p><a href=\"https:\/\/casamariamanerba.it\/de\/vorschrift\/\" class=\"excerpt-read-more\">Continue Reading<i class=\"fa fa-long-arrow-right icon-long-arrow-right\"><\/i><\/a><\/p>\n","protected":false},"author":1,"featured_media":0,"parent":0,"menu_order":0,"comment_status":"closed","ping_status":"closed","template":"","meta":{"footnotes":""},"class_list":["post-5263","page","type-page","status-publish","hentry"],"_links":{"self":[{"href":"https:\/\/casamariamanerba.it\/de\/wp-json\/wp\/v2\/pages\/5263\/"}],"collection":[{"href":"https:\/\/casamariamanerba.it\/de\/wp-json\/wp\/v2\/pages\/"}],"about":[{"href":"https:\/\/casamariamanerba.it\/de\/wp-json\/wp\/v2\/types\/page\/"}],"author":[{"embeddable":true,"href":"https:\/\/casamariamanerba.it\/de\/wp-json\/wp\/v2\/users\/1\/"}],"replies":[{"embeddable":true,"href":"https:\/\/casamariamanerba.it\/de\/wp-json\/wp\/v2\/comments\/?post=5263"}],"version-history":[{"count":6,"href":"https:\/\/casamariamanerba.it\/de\/wp-json\/wp\/v2\/pages\/5263\/revisions\/"}],"predecessor-version":[{"id":5745,"href":"https:\/\/casamariamanerba.it\/de\/wp-json\/wp\/v2\/pages\/5263\/revisions\/5745\/"}],"wp:attachment":[{"href":"https:\/\/casamariamanerba.it\/de\/wp-json\/wp\/v2\/media\/?parent=5263"}],"curies":[{"name":"wp","href":"https:\/\/api.w.org\/{rel}","templated":true}]}}