{"id":5039,"date":"2018-12-03T13:29:10","date_gmt":"2018-12-03T13:29:10","guid":{"rendered":"https:\/\/casamariamanerba.it\/?page_id=5039"},"modified":"2018-12-03T18:54:02","modified_gmt":"2018-12-03T18:54:02","slug":"beschreibung","status":"publish","type":"page","link":"https:\/\/casamariamanerba.it\/de\/beschreibung\/","title":{"rendered":"Beschreibung"},"content":{"rendered":"<h3><strong>Manerba del Garda &#8211; Valtenesi<\/strong><\/h3>\n<h2><strong>CASA MARIA \u2013 APPARTEMENT MARIA, DOMENICO UND NIDO &#8211; SCH\u00d6NE, GROSSZ\u00dcGIGE APPARTEMENTS MIT TERRASSEN UND GARTEN UND GROSSEM POOl<\/strong><\/h2>\n<p>Sch\u00f6ne Ferienwohnung am Gardasee mieten. Die kleine, private Residence am Ortsrand von Manerba del Garda gelegen bietet\u00a03 Appartements als Ferienwohnungen an. Die private Residenz zeichnet sich durch gro\u00dfz\u00fcgige Gemeinschaftsfl\u00e4chen aus, unter anderem ein gro\u00dfer Garten mit Pool, gem\u00fctliche Sitzgruppen, ganz in der N\u00e4he hervorragende Restaurants in welchem nur einheimische Spezialit\u00e4ten serviert werden, alles zu Fuss erreichbar.<\/p>\n<p>Die Fahrzeuge k\u00f6nnen sicher auf dem Grundst\u00fcck abgestellt werden. Fahrr\u00e4der oder andere Sportger\u00e4te k\u00f6nnen sicher verschlossen untergebracht werden.<\/p>\n<p>Die Appartements unterscheiden sich etwas \u2013 Appartement\u00a0MARIA und\u00a0DOMENICO verf\u00fcgen \u00fcber &#8211; 2 Schlafzimmer, eines mit Doppelbett und das andere mit zwei Einzelbetten bzw. Stockbett, gro\u00dfz\u00fcgiger Kleiderschrank usw. Bad mit Dusche, Waschmaschine, WC. Die Wohnk\u00fcchen \u2013 beim Appartement Maria finden Sie eine neuwertige Einbauk\u00fcche mit Gas-Herd, Backofen, Mikrowelle, Esstisch mit St\u00fchlen, eine gem\u00fctliche Couch mit TV-Eck und offenem Kamin, beim Appartement Domenico \u2013 Wohnk\u00fcche mit Esstisch und St\u00fchlen, Doppelbett-Couch, TV-Bereich, sch\u00f6ne, neuwertige Einbauk\u00fcche, Gas-Herd, Backofen, K\u00fchlschrank und Gefrierschrank. Beim Appartement NIDO ist 1 Schlafzimmer mit Doppelbett vorhanden, 1 Wohnraum mit integrierter K\u00fcchenzeile, Herd mit Backofen, K\u00fchlschrank mit Gefrierteil. Terrasse mit kleinem privaten Garten.<\/p>\n<p>Die\u00a0Badezimmer\u00a0sind mit Dusche, WC und Bidet, Waschmaschine ausgestattet. Die Appartements liegen\u00a0jeweils im Erdgeschoss und die Terrassen bzw. der private Garten sind direkt vor den Wohnungen gelegen. Die gem\u00fctlichen Terrassen mit Tisch und St\u00fchlen laden zum Essen und Aufenthalt im Freien ein. Alle Appartements verf\u00fcgen \u00fcber eine Heizung und sind daher ganzj\u00e4hrig buchbar. Die Heizung kann auch als Klimager\u00e4t genutzt werden. Beim Appartement DOMENICO ist darauf zu achten das hier der Zugang \u00fcber eine Au\u00dfentreppe erfolgt.<\/p>\n<p>Die Residenz liegt am Ortsrand &#8211; man kann jedoch das Zentrum problemlos zu Fu\u00df erreichen. Hier gibt es zahlreiche Restaurants, Cafes und Gesch\u00e4fte. In direkter N\u00e4he der Appartements finden sie aber auch Lebensmittell\u00e4den, B\u00e4cker, Metzger, Gem\u00fcseh\u00e4ndler und Zeitungskiosk. Es gibt einige Str\u00e4nde die Sie von der Residenz aus zu Fu\u00df erreichen k\u00f6nnen. Bei hohe Temperaturen empfiehlt sich aber der Wagen oder das Fahrrad. Ein Fahrradverleih ist gleich gegen\u00fcber.<\/p>\n<p>Die St\u00e4dte Sal\u00f3 und Desenzano erreichen Sie in wenigen Minuten mit dem Wagen. Brescia oder Verona ist ebenfalls gut anfahrbar von dort. Das Gebiet des VALTENESI in dem Manerba liegt ist bekannt f\u00fcr seine gut ausgebauten und verzweigten Radwanderwege, Spazier-und Wanderwege und f\u00fcr seine malerischen kleinen romantischen D\u00f6rfer. Hier kommen alle Urlauber auf Ihre Kosten, der Sportler genauso wie der Kulturreisende.<\/p>\n","protected":false},"excerpt":{"rendered":"<p>Manerba del Garda &#8211; Valtenesi CASA MARIA \u2013 APPARTEMENT MARIA, DOMENICO UND NIDO &#8211; SCH\u00d6NE, GROSSZ\u00dcGIGE APPARTEMENTS MIT TERRASSEN UND GARTEN UND GROSSEM POOl Sch\u00f6ne Ferienwohnung am Gardasee mieten. Die kleine, private Residence am Ortsrand von Manerba del Garda gelegen bietet\u00a03 Appartements als Ferienwohnungen an. Die private Residenz zeichnet sich durch gro\u00dfz\u00fcgige Gemeinschaftsfl\u00e4chen aus, unter&#8230; <\/p>\n<div class=\"clear\"><\/div>\n<p><a href=\"https:\/\/casamariamanerba.it\/de\/beschreibung\/\" class=\"excerpt-read-more\">Continue Reading<i class=\"fa fa-long-arrow-right icon-long-arrow-right\"><\/i><\/a><\/p>\n","protected":false},"author":1,"featured_media":0,"parent":0,"menu_order":0,"comment_status":"open","ping_status":"open","template":"","meta":{"footnotes":""},"class_list":["post-5039","page","type-page","status-publish","hentry"],"_links":{"self":[{"href":"https:\/\/casamariamanerba.it\/de\/wp-json\/wp\/v2\/pages\/5039\/"}],"collection":[{"href":"https:\/\/casamariamanerba.it\/de\/wp-json\/wp\/v2\/pages\/"}],"about":[{"href":"https:\/\/casamariamanerba.it\/de\/wp-json\/wp\/v2\/types\/page\/"}],"author":[{"embeddable":true,"href":"https:\/\/casamariamanerba.it\/de\/wp-json\/wp\/v2\/users\/1\/"}],"replies":[{"embeddable":true,"href":"https:\/\/casamariamanerba.it\/de\/wp-json\/wp\/v2\/comments\/?post=5039"}],"version-history":[{"count":3,"href":"https:\/\/casamariamanerba.it\/de\/wp-json\/wp\/v2\/pages\/5039\/revisions\/"}],"predecessor-version":[{"id":5042,"href":"https:\/\/casamariamanerba.it\/de\/wp-json\/wp\/v2\/pages\/5039\/revisions\/5042\/"}],"wp:attachment":[{"href":"https:\/\/casamariamanerba.it\/de\/wp-json\/wp\/v2\/media\/?parent=5039"}],"curies":[{"name":"wp","href":"https:\/\/api.w.org\/{rel}","templated":true}]}}